{"id":395,"date":"2021-02-14T23:36:12","date_gmt":"2021-02-14T23:36:12","guid":{"rendered":"https:\/\/benitonazar.edu.ar\/?page_id=395"},"modified":"2024-03-21T18:25:18","modified_gmt":"2024-03-21T21:25:18","slug":"pastoral-catequesis","status":"publish","type":"page","link":"https:\/\/benitonazar.edu.ar\/?page_id=395","title":{"rendered":"Pastoral"},"content":{"rendered":"<p>[vc_row css=&#8221;.vc_custom_1487250199380{margin-bottom: 35px !important;}&#8221;][vc_column css=&#8221;.vc_custom_1490018662966{margin-bottom: 0px !important;}&#8221;][vc_custom_heading text=&#8221;Pastoral y Catequesis&#8221; font_container=&#8221;tag:h1|text_align:left&#8221; use_theme_fonts=&#8221;yes&#8221; css=&#8221;.vc_custom_1613345929468{margin-top: 0px !important;margin-bottom: 20px !important;}&#8221;][vc_custom_heading text=&#8221;El Prop\u00f3sito del centro educativo Corazonista, Colegio Benito Nazar, siendo lugar privilegiado de evangelizaci\u00f3n, en el \u00e1rea de pastoral-catequesis, propone favorecer la experiencia personal de encuentro con Jes\u00fas de cada alumno a partir del magisterio de la Iglesia cat\u00f3lica, animada desde la espiritualidad propia del carisma Corazonista de los Hermanos del Sagrado Coraz\u00f3n.&#8221; font_container=&#8221;tag:h4|text_align:left&#8221; use_theme_fonts=&#8221;yes&#8221;][\/vc_column][\/vc_row][vc_row][vc_column width=&#8221;1\/2&#8243; css=&#8221;.vc_custom_1459847629856{margin-bottom: 0px !important;}&#8221;][vc_column_text css=&#8221;.vc_custom_1613346028336{padding-right: 20px !important;}&#8221;]<\/p>\n<div style=\"text-align: justify;\">\n<ul>\n<li>Favorece la formaci\u00f3n religiosa, desde las aulas, para el conocimiento y consecuente adhesi\u00f3n clara, decidida y comprometida de Cristo.<\/li>\n<li>Propone espacios y momentos de manifestaci\u00f3n de su vivencia y comuni\u00f3n con Cristo en celebraciones de Primer Viernes, honrando su divino Coraz\u00f3n o rememorando la figura del Vble. Hno. Policarpo y otros momentos oportunos.<\/li>\n<li>Inculca el valor de pertenencia a la Iglesia de Jes\u00fas participando en la vida sacramental como la Eucarist\u00eda y la Reconciliaci\u00f3n como signo de madurez y mayor participaci\u00f3n en la vida de la familia eclesial. Vida que no se acaba en el tiempo y espacio colegial sino que se proyecta y complementa en la participaci\u00f3n de la vida propia de su parroquia.<\/li>\n<li>Promueve actitudes de solidaridad y comuni\u00f3n con gestos concretos con comedores, merenderos, hospitales y lugares carenciados.<\/li>\n<li>Invita a encuentros, fuera de los espacios acad\u00e9micos, para vivir el sentido de gratuidad dado en el compartir humano y cristiano en el ambiente \u2018PREJU\u2019 con continuidad en \u2018JUVENCOR\u2019.<\/li>\n<li>Anima el sentido de pertenencia al carisma Corazonista que se desarrolla en el \u00e1mbito de los colegios de la provincia religiosa \u2018AMA\u2019 \u2013Am\u00e9rica Austral- de los Hermanos del Sagrado Coraz\u00f3n a trav\u00e9s de encuentros y convivencias con sus pares de AMA.<\/li>\n<li>Propicia la participaci\u00f3n ante propuestas eclesiales extraordinarias convocadas por la parroquia, la arquidi\u00f3cesis o a nivel mundial.<\/li>\n<\/ul>\n<\/div>\n<p>[\/vc_column_text][\/vc_column][vc_column width=&#8221;1\/2&#8243;][vc_single_image image=&#8221;1039&#8243; img_size=&#8221;full&#8221; style=&#8221;vc_box_border&#8221; border_color=&#8221;blue&#8221; onclick=&#8221;link_image&#8221; css_animation=&#8221;fadeIn&#8221;][\/vc_column][\/vc_row][vc_row][vc_column][vc_column_text]<\/p>\n<h4>Galer\u00eda de fotos<\/h4>\n<p>[\/vc_column_text][\/vc_column][\/vc_row][vc_row][vc_column][vc_images_carousel images=&#8221;1038,1040,1042,1043,1044,1045,1047,1048,1049,1050,1051,1052,1077&#8243; img_size=&#8221;large&#8221; hide_pagination_control=&#8221;yes&#8221;][\/vc_column][\/vc_row]<\/p>\n","protected":false},"excerpt":{"rendered":"<p>[vc_row css=&#8221;.vc_custom_1487250199380{margin-bottom: 35px !important;}&#8221;][vc_column css=&#8221;.vc_custom_1490018662966{margin-bottom: 0px !important;}&#8221;][vc_custom_heading text=&#8221;Pastoral y Catequesis&#8221; font_container=&#8221;tag:h1|text_align:left&#8221; use_theme_fonts=&#8221;yes&#8221; css=&#8221;.vc_custom_1613345929468{margin-top: 0px !important;margin-bottom: 20px !important;}&#8221;][vc_custom_heading text=&#8221;El Prop\u00f3sito del&nbsp;<a href=\"https:\/\/benitonazar.edu.ar\/?page_id=395\">&hellip;<\/a><\/p>\n","protected":false},"author":1,"featured_media":0,"parent":0,"menu_order":1,"comment_status":"closed","ping_status":"closed","template":"template-sidebar-right-childpages.php","meta":{"footnotes":""},"class_list":["post-395","page","type-page","status-publish","hentry","odd"],"_links":{"self":[{"href":"https:\/\/benitonazar.edu.ar\/index.php?rest_route=\/wp\/v2\/pages\/395","targetHints":{"allow":["GET"]}}],"collection":[{"href":"https:\/\/benitonazar.edu.ar\/index.php?rest_route=\/wp\/v2\/pages"}],"about":[{"href":"https:\/\/benitonazar.edu.ar\/index.php?rest_route=\/wp\/v2\/types\/page"}],"author":[{"embeddable":true,"href":"https:\/\/benitonazar.edu.ar\/index.php?rest_route=\/wp\/v2\/users\/1"}],"replies":[{"embeddable":true,"href":"https:\/\/benitonazar.edu.ar\/index.php?rest_route=%2Fwp%2Fv2%2Fcomments&post=395"}],"version-history":[{"count":8,"href":"https:\/\/benitonazar.edu.ar\/index.php?rest_route=\/wp\/v2\/pages\/395\/revisions"}],"predecessor-version":[{"id":1078,"href":"https:\/\/benitonazar.edu.ar\/index.php?rest_route=\/wp\/v2\/pages\/395\/revisions\/1078"}],"wp:attachment":[{"href":"https:\/\/benitonazar.edu.ar\/index.php?rest_route=%2Fwp%2Fv2%2Fmedia&parent=395"}],"curies":[{"name":"wp","href":"https:\/\/api.w.org\/{rel}","templated":true}]}}