{"id":390,"date":"2021-02-14T23:30:29","date_gmt":"2021-02-14T23:30:29","guid":{"rendered":"https:\/\/benitonazar.edu.ar\/?page_id=390"},"modified":"2024-03-21T18:03:30","modified_gmt":"2024-03-21T21:03:30","slug":"principios-ingles","status":"publish","type":"page","link":"https:\/\/benitonazar.edu.ar\/?page_id=390","title":{"rendered":"Principios Ingl\u00e9s"},"content":{"rendered":"<p>[vc_row css=&#8221;.vc_custom_1501154025747{margin-bottom: 25px !important;}&#8221;][vc_column css=&#8221;.vc_custom_1490017810346{margin-bottom: 0px !important;}&#8221;][vc_custom_heading text=&#8221;School of English&#8221; font_container=&#8221;tag:h1|text_align:left&#8221; use_theme_fonts=&#8221;yes&#8221; css=&#8221;.vc_custom_1613345186384{margin-top: 0px !important;margin-bottom: 20px !important;}&#8221;][vc_custom_heading text=&#8221;Principios&#8221; font_container=&#8221;tag:h4|text_align:left&#8221; use_theme_fonts=&#8221;yes&#8221; css=&#8221;.vc_custom_1613345555058{margin-top: 0px !important;margin-bottom: 20px !important;}&#8221;][\/vc_column][\/vc_row][vc_row css=&#8221;.vc_custom_1487939485688{margin-bottom: 15px !important;}&#8221;][vc_column width=&#8221;7\/12&#8243; css=&#8221;.vc_custom_1613319335619{margin-bottom: 0px !important;}&#8221;][vc_column_text css=&#8221;.vc_custom_1621913241570{padding-left: 15px !important;}&#8221;]El Colegio Corazonista Benito Nazar, en el marco referencial de \u201cintensificaci\u00f3n en ingl\u00e9s\u201d, marca el prop\u00f3sito del aprendizaje de dicho idioma, como prioritario y fundamental, basado en el esfuerzo y mayor dedicaci\u00f3n en su incorporaci\u00f3n en pos de desempe\u00f1arse con mayor competencia y eficacia en un mundo muy interconectado y relacionado.<\/p>\n<p>Para ello:<\/p>\n<ul>\n<li>Propicia el reconocimiento del papel del lenguaje en la construcci\u00f3n del conocimiento y los valores culturales.<\/li>\n<li>Promueve el ejercicio y desarrollo de las cuatro habilidades ling\u00fc\u00edsticas: -hablar, escuchar, leer y escribir- respetando pautas de entonaci\u00f3n y pronunciaci\u00f3n, coherencia y cohesi\u00f3n para una correcta comunicaci\u00f3n.<\/li>\n<li>Fortalece la interacci\u00f3n entre los alumnos, los docentes y el trabajo cooperativo, creando un ambiente de trabajo positivo y estimulando la autoestima.<\/li>\n<li>Fomenta el desarrollo del esp\u00edritu cr\u00edtico y la imaginaci\u00f3n a trav\u00e9s de temas significativos que aviven la curiosidad y la capacidad de descubrir, analizar, relacionar, interpretar, evaluar, reflexionar y actuar\u2026<\/li>\n<li>Estimula el uso del lenguaje en la producci\u00f3n e interpretaci\u00f3n de textos orales y escritos cotidianos, acad\u00e9micos o literarios, organizando el pensamiento y el discurso, en an\u00e1lisis y resoluci\u00f3n de situaciones varias, o promoviendo actitudes de apertura, tolerancia y aceptaci\u00f3n de diferentes culturas.<\/li>\n<li>Potencia la capacidad de satisfacer necesidades b\u00e1sicas de comunicaci\u00f3n en diversas situaciones cotidianas, familiares y conocidas.<\/li>\n<li>Alienta la incorporaci\u00f3n del uso del idioma de manera natural, como instrumento indispensable de acceso al mundo globalizado.<\/li>\n<\/ul>\n<p>[\/vc_column_text][\/vc_column][vc_column width=&#8221;5\/12&#8243;][vc_single_image image=&#8221;1060&#8243; img_size=&#8221;full&#8221; style=&#8221;vc_box_border&#8221; border_color=&#8221;blue&#8221;][\/vc_column][\/vc_row]<\/p>\n","protected":false},"excerpt":{"rendered":"<p>[vc_row css=&#8221;.vc_custom_1501154025747{margin-bottom: 25px !important;}&#8221;][vc_column css=&#8221;.vc_custom_1490017810346{margin-bottom: 0px !important;}&#8221;][vc_custom_heading text=&#8221;School of English&#8221; font_container=&#8221;tag:h1|text_align:left&#8221; use_theme_fonts=&#8221;yes&#8221; css=&#8221;.vc_custom_1613345186384{margin-top: 0px !important;margin-bottom: 20px !important;}&#8221;][vc_custom_heading text=&#8221;Principios&#8221; font_container=&#8221;tag:h4|text_align:left&#8221; use_theme_fonts=&#8221;yes&#8221;&nbsp;<a href=\"https:\/\/benitonazar.edu.ar\/?page_id=390\">&hellip;<\/a><\/p>\n","protected":false},"author":1,"featured_media":0,"parent":0,"menu_order":6,"comment_status":"closed","ping_status":"closed","template":"template-sidebar-right-childpages.php","meta":{"footnotes":""},"class_list":["post-390","page","type-page","status-publish","hentry","odd"],"_links":{"self":[{"href":"https:\/\/benitonazar.edu.ar\/index.php?rest_route=\/wp\/v2\/pages\/390","targetHints":{"allow":["GET"]}}],"collection":[{"href":"https:\/\/benitonazar.edu.ar\/index.php?rest_route=\/wp\/v2\/pages"}],"about":[{"href":"https:\/\/benitonazar.edu.ar\/index.php?rest_route=\/wp\/v2\/types\/page"}],"author":[{"embeddable":true,"href":"https:\/\/benitonazar.edu.ar\/index.php?rest_route=\/wp\/v2\/users\/1"}],"replies":[{"embeddable":true,"href":"https:\/\/benitonazar.edu.ar\/index.php?rest_route=%2Fwp%2Fv2%2Fcomments&post=390"}],"version-history":[{"count":4,"href":"https:\/\/benitonazar.edu.ar\/index.php?rest_route=\/wp\/v2\/pages\/390\/revisions"}],"predecessor-version":[{"id":1076,"href":"https:\/\/benitonazar.edu.ar\/index.php?rest_route=\/wp\/v2\/pages\/390\/revisions\/1076"}],"wp:attachment":[{"href":"https:\/\/benitonazar.edu.ar\/index.php?rest_route=%2Fwp%2Fv2%2Fmedia&parent=390"}],"curies":[{"name":"wp","href":"https:\/\/api.w.org\/{rel}","templated":true}]}}