{"id":381,"date":"2021-02-14T23:12:33","date_gmt":"2021-02-14T23:12:33","guid":{"rendered":"https:\/\/benitonazar.edu.ar\/?page_id=381"},"modified":"2023-03-21T01:48:35","modified_gmt":"2023-03-21T04:48:35","slug":"informacion-ingles","status":"publish","type":"page","link":"https:\/\/benitonazar.edu.ar\/?page_id=381","title":{"rendered":"Informaci\u00f3n Ingl\u00e9s"},"content":{"rendered":"<p>[vc_row css=&#8221;.vc_custom_1501154025747{margin-bottom: 25px !important;}&#8221;][vc_column css=&#8221;.vc_custom_1490017810346{margin-bottom: 0px !important;}&#8221;][vc_custom_heading text=&#8221;School of English&#8221; font_container=&#8221;tag:h1|text_align:left&#8221; use_theme_fonts=&#8221;yes&#8221; css=&#8221;.vc_custom_1613345671444{margin-top: 0px !important;margin-bottom: 20px !important;}&#8221;][vc_custom_heading text=&#8221;Informaci\u00f3n general&#8221; font_container=&#8221;tag:h4|text_align:left&#8221; use_theme_fonts=&#8221;yes&#8221; css=&#8221;.vc_custom_1613345681650{margin-top: 0px !important;margin-bottom: 20px !important;}&#8221;][\/vc_column][\/vc_row][vc_row css=&#8221;.vc_custom_1487939485688{margin-bottom: 15px !important;}&#8221;][vc_column css=&#8221;.vc_custom_1613319335619{margin-bottom: 0px !important;}&#8221;][vc_column_text css=&#8221;.vc_custom_1679374107243{padding-left: 15px !important;}&#8221;]La Escuela de Ingl\u00e9s tiene como objetivo brindar a los alumnos del Nivel Primario y Secundario, cursos de idioma seg\u00fan los distintos intereses y necesidades de la comunidad educativa de nuestra instituci\u00f3n.<\/p>\n<p>La propuesta est\u00e1 destinada a alumnos que tienen facilidad en el idioma y quieren un perfeccionamiento en el mismo, trabajado desde las cuatro habilidades: lectura, escucha, escritura, oralidad y por supuesto desde el vocabulario. los alumnos se preparan durante todo el a\u00f1o en horario extraescolar y al finalizar el curso, tienen la opci\u00f3n de rendir un examen que acredite sus conocimientos.[\/vc_column_text][\/vc_column][\/vc_row]<\/p>\n","protected":false},"excerpt":{"rendered":"<p>[vc_row css=&#8221;.vc_custom_1501154025747{margin-bottom: 25px !important;}&#8221;][vc_column css=&#8221;.vc_custom_1490017810346{margin-bottom: 0px !important;}&#8221;][vc_custom_heading text=&#8221;School of English&#8221; font_container=&#8221;tag:h1|text_align:left&#8221; use_theme_fonts=&#8221;yes&#8221; css=&#8221;.vc_custom_1613345671444{margin-top: 0px !important;margin-bottom: 20px !important;}&#8221;][vc_custom_heading text=&#8221;Informaci\u00f3n general&#8221; font_container=&#8221;tag:h4|text_align:left&#8221;&nbsp;<a href=\"https:\/\/benitonazar.edu.ar\/?page_id=381\">&hellip;<\/a><\/p>\n","protected":false},"author":1,"featured_media":0,"parent":0,"menu_order":6,"comment_status":"closed","ping_status":"closed","template":"template-sidebar-right-childpages.php","meta":{"footnotes":""},"class_list":["post-381","page","type-page","status-publish","hentry","odd"],"_links":{"self":[{"href":"https:\/\/benitonazar.edu.ar\/index.php?rest_route=\/wp\/v2\/pages\/381","targetHints":{"allow":["GET"]}}],"collection":[{"href":"https:\/\/benitonazar.edu.ar\/index.php?rest_route=\/wp\/v2\/pages"}],"about":[{"href":"https:\/\/benitonazar.edu.ar\/index.php?rest_route=\/wp\/v2\/types\/page"}],"author":[{"embeddable":true,"href":"https:\/\/benitonazar.edu.ar\/index.php?rest_route=\/wp\/v2\/users\/1"}],"replies":[{"embeddable":true,"href":"https:\/\/benitonazar.edu.ar\/index.php?rest_route=%2Fwp%2Fv2%2Fcomments&post=381"}],"version-history":[{"count":5,"href":"https:\/\/benitonazar.edu.ar\/index.php?rest_route=\/wp\/v2\/pages\/381\/revisions"}],"predecessor-version":[{"id":955,"href":"https:\/\/benitonazar.edu.ar\/index.php?rest_route=\/wp\/v2\/pages\/381\/revisions\/955"}],"wp:attachment":[{"href":"https:\/\/benitonazar.edu.ar\/index.php?rest_route=%2Fwp%2Fv2%2Fmedia&parent=381"}],"curies":[{"name":"wp","href":"https:\/\/api.w.org\/{rel}","templated":true}]}}