{"id":294,"date":"2021-02-13T17:33:02","date_gmt":"2021-02-13T17:33:02","guid":{"rendered":"https:\/\/benitonazar.edu.ar\/?page_id=294"},"modified":"2021-02-13T17:41:46","modified_gmt":"2021-02-13T17:41:46","slug":"nuestro-escudo","status":"publish","type":"page","link":"https:\/\/benitonazar.edu.ar\/?page_id=294","title":{"rendered":"Nuestro escudo"},"content":{"rendered":"<p>[vc_row css=&#8221;.vc_custom_1501154025747{margin-bottom: 25px !important;}&#8221;][vc_column css=&#8221;.vc_custom_1490017810346{margin-bottom: 0px !important;}&#8221;][vc_custom_heading text=&#8221;Nuestro escudo&#8221; font_container=&#8221;tag:h1|text_align:left&#8221; use_theme_fonts=&#8221;yes&#8221; css=&#8221;.vc_custom_1613237856925{margin-top: 0px !important;margin-bottom: 20px !important;}&#8221;][vc_custom_heading text=&#8221;El escudo que nos identifica como colegio, no es de uso exclusivo. Es utilizado por todos los colegios corazonistas de Argentina, y es el escudo de armas oficial del Instituto de los Hermanos del Sagrado Coraz\u00f3n.&#8221; font_container=&#8221;tag:h4|text_align:left&#8221; use_theme_fonts=&#8221;yes&#8221;][\/vc_column][\/vc_row][vc_row css=&#8221;.vc_custom_1487939485688{margin-bottom: 15px !important;}&#8221;][vc_column width=&#8221;1\/4&#8243;][vc_single_image image=&#8221;297&#8243; img_size=&#8221;full&#8221; alignment=&#8221;center&#8221; css_animation=&#8221;fadeIn&#8221; css=&#8221;.vc_custom_1613238084818{margin-bottom: 0px !important;}&#8221;][\/vc_column][vc_column width=&#8221;3\/4&#8243; css=&#8221;.vc_custom_1613065248859{margin-bottom: 0px !important;}&#8221;][vc_column_text css=&#8221;.vc_custom_1613237896961{padding-left: 15px !important;}&#8221;]<span style=\"font-weight: 400;\">En t\u00e9rminos simples nuestro escudo podr\u00eda leerse del modo siguiente: en campo de oro, el Coraz\u00f3n de Jes\u00fas ensangrentado, destilando tres gotas de sangre; inflamado al natural (llamas de color ordinario), rodeado de una corona de espinas de color natural y dominado de una cruz latina negra; en la parte inferior, casquete esf\u00e9rico boreal del globo terr\u00e1queo con tierra y agua en su color natural. La banderola o cinta de color azul celeste y recamada de oro lleva la divisa: &#8220;Ametvr cor Jesv&#8221;, en letras del mismo color.<\/span>[\/vc_column_text][vc_column_text css=&#8221;.vc_custom_1613237910473{padding-left: 15px !important;}&#8221;]<span style=\"font-weight: 400;\">Si bien en la her\u00e1ldica todo tiene su propia interpretaci\u00f3n, aqu\u00ed queremos resaltar aquello que nuestro escudo quiere significarnos como comunidad educativa. En realidad quiere expresar lo que es el centro y motor de la congregaci\u00f3n de los Hermanos del Sagrado Coraz\u00f3n, y que los Hermanos tratan de hacer realidad all\u00ed donde ejercen su apostolado y misi\u00f3n.<\/span>[\/vc_column_text][vc_column_text css=&#8221;.vc_custom_1613237920643{padding-left: 15px !important;}&#8221;]<span style=\"font-weight: 400;\">El coraz\u00f3n herido y sangrante; la cruz y las espinas. Son todos s\u00edmbolos que claramente identifican la persona de Jes\u00fas en su obra cumbre de redenci\u00f3n del g\u00e9nero humano: su crucifixi\u00f3n y muerte. Todo ello manifiesta una espiritualidad del amor, amor por los hombres y restauraci\u00f3n de la alianza con Dios.<\/span>[\/vc_column_text][vc_column_text css=&#8221;.vc_custom_1613237937340{padding-left: 15px !important;}&#8221;]<span style=\"font-weight: 400;\">El fuego. Quiere expresar la pasi\u00f3n por la misi\u00f3n evangelizadora que el fundador de la congregaci\u00f3n (el P. Andr\u00e9 Coindre) quiso transmitir a los Hermanos a partir de la expresi\u00f3n evang\u00e9lica de Jes\u00fas: &#8220;He venido a traer fuego a la tierra, y \u00bfqu\u00e9 quiero sino que arda?&#8221;.<\/span>[\/vc_column_text][vc_column_text css=&#8221;.vc_custom_1613237962175{padding-left: 15px !important;}&#8221;]<span style=\"font-weight: 400;\">Casquete esf\u00e9rico boreal del globo terr\u00e1queo. Simboliza el \u00e1mbito de la acci\u00f3n de los Hermanos del Sagrado Coraz\u00f3n: el mundo entero. Por eso es una congregaci\u00f3n que se encuentra extendida por todos los continentes.<\/span>[\/vc_column_text][vc_column_text css=&#8221;.vc_custom_1613237983507{padding-left: 15px !important;}&#8221;]<span style=\"font-weight: 400;\">Divisa: &#8220;Ametvr cor Jesv&#8221;.<\/span>[\/vc_column_text][vc_column_text css=&#8221;.vc_custom_1613237997789{padding-left: 15px !important;}&#8221;]<span style=\"font-weight: 400;\">Es una expresi\u00f3n latina cuya traducci\u00f3n es: &#8220;Amado sea el Coraz\u00f3n de Jes\u00fas&#8221;. Sintetiza de alguna manera el sentido de la existencia de la obra corazonista: por un lado el deseo, el anhelo de que la espiritualidad del Coraz\u00f3n de Jes\u00fas se extienda a todos los hombres y, por otro, una suerte de exhortaci\u00f3n, casi de mandato para que, a imitaci\u00f3n del Coraz\u00f3n de Jes\u00fas, el corazonista lo tenga como caracter\u00edstica esencial en la manera de vivir su fe.<\/span>[\/vc_column_text][\/vc_column][\/vc_row]<\/p>\n","protected":false},"excerpt":{"rendered":"<p>[vc_row css=&#8221;.vc_custom_1501154025747{margin-bottom: 25px !important;}&#8221;][vc_column css=&#8221;.vc_custom_1490017810346{margin-bottom: 0px !important;}&#8221;][vc_custom_heading text=&#8221;Nuestro escudo&#8221; font_container=&#8221;tag:h1|text_align:left&#8221; use_theme_fonts=&#8221;yes&#8221; css=&#8221;.vc_custom_1613237856925{margin-top: 0px !important;margin-bottom: 20px !important;}&#8221;][vc_custom_heading text=&#8221;El escudo que nos&nbsp;<a href=\"https:\/\/benitonazar.edu.ar\/?page_id=294\">&hellip;<\/a><\/p>\n","protected":false},"author":1,"featured_media":0,"parent":0,"menu_order":6,"comment_status":"closed","ping_status":"closed","template":"template-sidebar-right-childpages.php","meta":{"footnotes":""},"class_list":["post-294","page","type-page","status-publish","hentry","odd"],"_links":{"self":[{"href":"https:\/\/benitonazar.edu.ar\/index.php?rest_route=\/wp\/v2\/pages\/294","targetHints":{"allow":["GET"]}}],"collection":[{"href":"https:\/\/benitonazar.edu.ar\/index.php?rest_route=\/wp\/v2\/pages"}],"about":[{"href":"https:\/\/benitonazar.edu.ar\/index.php?rest_route=\/wp\/v2\/types\/page"}],"author":[{"embeddable":true,"href":"https:\/\/benitonazar.edu.ar\/index.php?rest_route=\/wp\/v2\/users\/1"}],"replies":[{"embeddable":true,"href":"https:\/\/benitonazar.edu.ar\/index.php?rest_route=%2Fwp%2Fv2%2Fcomments&post=294"}],"version-history":[{"count":3,"href":"https:\/\/benitonazar.edu.ar\/index.php?rest_route=\/wp\/v2\/pages\/294\/revisions"}],"predecessor-version":[{"id":298,"href":"https:\/\/benitonazar.edu.ar\/index.php?rest_route=\/wp\/v2\/pages\/294\/revisions\/298"}],"wp:attachment":[{"href":"https:\/\/benitonazar.edu.ar\/index.php?rest_route=%2Fwp%2Fv2%2Fmedia&parent=294"}],"curies":[{"name":"wp","href":"https:\/\/api.w.org\/{rel}","templated":true}]}}