{"id":160,"date":"2017-02-14T08:13:28","date_gmt":"2017-02-14T08:13:28","guid":{"rendered":"http:\/\/ed.aislinthemes.com\/?page_id=651"},"modified":"2021-05-25T02:49:30","modified_gmt":"2021-05-25T02:49:30","slug":"historia","status":"publish","type":"page","link":"https:\/\/benitonazar.edu.ar\/?page_id=160","title":{"rendered":"Historia"},"content":{"rendered":"<p>[vc_row css=&#8221;.vc_custom_1501154025747{margin-bottom: 25px !important;}&#8221;][vc_column css=&#8221;.vc_custom_1490017810346{margin-bottom: 0px !important;}&#8221;][vc_custom_heading text=&#8221;Historia&#8221; font_container=&#8221;tag:h1|text_align:left&#8221; use_theme_fonts=&#8221;yes&#8221; css=&#8221;.vc_custom_1613064694804{margin-top: 0px !important;margin-bottom: 20px !important;}&#8221;][vc_custom_heading text=&#8221;El Colegio Benito Nazar naci\u00f3 de los impulsos cristianos de un grupo de ilustres damas, con el fin de contrarrestar la propaganda protestante en la ciudad de Buenos Aires. Este grupo de damas estaban agrupadas en una Instituci\u00f3n benem\u00e9rita que llevaba el nombre de &#8220;OBRA DE LA CONSERVACI\u00d3N DE LA FE&#8220;.&#8221; font_container=&#8221;tag:h4|text_align:left&#8221; use_theme_fonts=&#8221;yes&#8221;][\/vc_column][\/vc_row][vc_row css=&#8221;.vc_custom_1487939485688{margin-bottom: 15px !important;}&#8221;][vc_column width=&#8221;1\/4&#8243;][vc_single_image image=&#8221;277&#8243; img_size=&#8221;full&#8221; alignment=&#8221;center&#8221; css_animation=&#8221;fadeIn&#8221; css=&#8221;.vc_custom_1613066537552{margin-bottom: 0px !important;}&#8221;][vc_empty_space][vc_single_image image=&#8221;278&#8243; img_size=&#8221;full&#8221; alignment=&#8221;center&#8221; css_animation=&#8221;fadeIn&#8221; css=&#8221;.vc_custom_1613066547875{margin-bottom: 0px !important;}&#8221;][\/vc_column][vc_column width=&#8221;3\/4&#8243; css=&#8221;.vc_custom_1613065248859{margin-bottom: 0px !important;}&#8221;][vc_column_text css=&#8221;.vc_custom_1613065310887{padding-left: 15px !important;}&#8221;]<span style=\"font-weight: 400;\">El Colegio &#8220;GRAL. BENITO NAZAR&#8221; llevaba el n\u00famero 11 en la serie de escuelas creadas por la OBRA y fue fundado el 12 de agosto de 1913.<\/span>[\/vc_column_text][vc_column_text css=&#8221;.vc_custom_1613065320629{padding-left: 15px !important;}&#8221;]<span style=\"font-weight: 400;\">La Escuela fue levantada por la generosa donaci\u00f3n del Se\u00f1or Don Miguel Nazar con la cooperaci\u00f3n de sus hermanas, las Srtas. \u00c1gueda y Mar\u00eda In\u00e9s Nazar, para perpetuar la memoria del donante y de su ilustre padre y meritorio guerrero de la Independencia nacional, con cuyo nombre se bautiz\u00f3 el establecimiento.<\/span>[\/vc_column_text][vc_column_text css=&#8221;.vc_custom_1613065332486{padding-left: 15px !important;}&#8221;]<span style=\"font-weight: 400;\">El General de Divisi\u00f3n, don Benito Nazar, naci\u00f3 en Buenos Aires el 12 de mayo de 1801. Curs\u00f3 sus estudios en la Academia de Matem\u00e1ticas de esta ciudad. Como soldado actu\u00f3 en la campa\u00f1a del Brasil y se hall\u00f3 presente en la batalla de Ituzaing\u00f3 a las \u00f3rdenes del Gral. Alvear, siendo ascendido en el mismo campo de batalla Teniente Coronel.<\/span>[\/vc_column_text][vc_column_text css=&#8221;.vc_custom_1613065358106{padding-left: 15px !important;}&#8221;]<span style=\"font-weight: 400;\">En 1845 fue dado de baja por Rosas, por no merecer la confianza del gobierno. Derrocado el Restaurador de las Leyes, fue electo diputado de la legislatura de Buenos Aires en 1858. Dirigi\u00f3 el Regimiento 1\u00ba de Artiller\u00eda. Se lo nombr\u00f3 Ministro de Guerra y Marina en 1859. Ese mismo a\u00f1o tom\u00f3 parte en la Campa\u00f1a de Cepeda y dos a\u00f1os despu\u00e9s en la de Pav\u00f3n. Ostentaba la graduaci\u00f3n de General de Divisi\u00f3n cuando le fue concedido el retiro. Falleci\u00f3 en Buenos Aires el 16 de septiembre de 1886.<\/span>[\/vc_column_text][\/vc_column][\/vc_row][vc_row css=&#8221;.vc_custom_1487939485688{margin-bottom: 15px !important;}&#8221;][vc_column width=&#8221;1\/4&#8243;][vc_single_image image=&#8221;279&#8243; img_size=&#8221;full&#8221; alignment=&#8221;center&#8221; css_animation=&#8221;fadeIn&#8221; css=&#8221;.vc_custom_1613066563909{margin-bottom: 0px !important;}&#8221;][vc_empty_space][vc_single_image image=&#8221;280&#8243; img_size=&#8221;full&#8221; alignment=&#8221;center&#8221; css_animation=&#8221;fadeIn&#8221; css=&#8221;.vc_custom_1613066577583{margin-bottom: 0px !important;}&#8221;][\/vc_column][vc_column width=&#8221;3\/4&#8243; css=&#8221;.vc_custom_1613065248859{margin-bottom: 0px !important;}&#8221;][vc_column_text css=&#8221;.vc_custom_1613065877777{padding-left: 15px !important;}&#8221;]<span style=\"font-weight: 400;\">Llegados los a\u00f1os 1954 y 1955 con la supresi\u00f3n del aporte estatal a las escuelas incorporadas a la ense\u00f1anza oficial y ante la imposibilidad de mantener sus centros educativos, las damas pertenecientes a la OBRA DE LA CONSERVACI\u00d3N DE LA FE optan por pasar estos centros a manos de Congregaciones religiosas que quisieran aceptarlos desinteresadamente.<\/span>[\/vc_column_text][vc_column_text css=&#8221;.vc_custom_1613065891802{padding-left: 15px !important;}&#8221;]<span style=\"font-weight: 400;\">As\u00ed pas\u00f3 a depender de los Hermanos del Sagrado Coraz\u00f3n la Escuela N\u00ba 11 &#8220;Gral. BENITO NAZAR&#8221;. Posteriormente, al tomar notable incremento el alumnado, se pens\u00f3 en adquirir el inmueble a la OBRA, hecho que ocurri\u00f3 en el a\u00f1o 1970.<\/span>[\/vc_column_text][vc_column_text css=&#8221;.vc_custom_1613065910262{padding-left: 15px !important;}&#8221;]<span style=\"font-weight: 400;\">Manteniendo la premisa original de la Familia Nazar Anchorena al donar los terrenos para la construcci\u00f3n del Establecimiento, se mantiene el nombre \u201cBenito Nazar\u201d. Posteriormente al reorganizarse la gesti\u00f3n privada de los Establecimientos de la Ciudad de Buenos Aires, se le asigna la caracter\u00edstica de identificaci\u00f3n bajo el c\u00f3digo \u201cA-245\u201d como Colegio incorporado a la ense\u00f1anza oficial. Iniciados los a\u00f1os \u00b470 y aumentando notablemente la cantidad de alumnos, se comienza a elaborar la idea de una reforma edilicia integral.<\/span>[\/vc_column_text][vc_column_text css=&#8221;.vc_custom_1613065924359{padding-left: 15px !important;}&#8221;]<span style=\"font-weight: 400;\">Es as\u00ed que en el per\u00edodo de 1976 a 1986 se reconstruye la totalidad del establecimiento, desapareciendo las partes antiguas y levantando el moderno edificio que hoy puede observarse.<\/span>[\/vc_column_text][vc_column_text css=&#8221;.vc_custom_1613066342311{padding-left: 15px !important;}&#8221;]<span style=\"font-weight: 400;\">Lo notable de esta transici\u00f3n edilicia es que en ning\u00fan momento se suspendieron las clases, aprovechando al m\u00e1ximo el per\u00edodo de vacaciones (sin alumnos en el colegio) y preservando los espacios utilizados por los alumnos del resto de la obra a trav\u00e9s de cada una de las etapas de la reconstrucci\u00f3n.<\/span>[\/vc_column_text][vc_column_text css=&#8221;.vc_custom_1613066357193{padding-left: 15px !important;}&#8221;]<span style=\"font-weight: 400;\">Sin dudas el momento m\u00e1s importante de la reforma se di\u00f3 cuando se comenz\u00f3 a preparar el terreno para crear la imponente estructura del gimnasio en el subsuelo, con una excavaci\u00f3n de gran escala que finaliz\u00f3 con la construcci\u00f3n del actual patio central que no es ni m\u00e1s ni menos que el \u201ctecho\u201d de nuestro gimnasio subterr\u00e1neo.<\/span>[\/vc_column_text][vc_column_text css=&#8221;.vc_custom_1613066380324{padding-left: 15px !important;}&#8221;]<span style=\"font-weight: 400;\">En 1998 se efect\u00faa una ampliaci\u00f3n sobre el espacio a\u00e9reo que se encontraba sobre el acceso de la calle Palestina (ex Rawson) construyendo dos aulas m\u00e1s y logrando techar dicho acceso todo bajo la misma l\u00ednea arquitect\u00f3nica.<\/span>[\/vc_column_text][vc_column_text css=&#8221;.vc_custom_1613066397503{padding-left: 15px !important;}&#8221;]<span style=\"font-weight: 400;\">A lo largo de m\u00e1s de 65 a\u00f1os, es un sello propio de la gesti\u00f3n de los Hermanos del Sagrado Coraz\u00f3n en el Colegio Benito Nazar el hecho de mantener siempre con gran responsabilidad y cari\u00f1o toda la estructura edilicia, modernizando todo lo necesario, efectuando los mantenimientos integrales durante el per\u00edodo de vacaciones de verano y reparando cualquier elemento o espacio que sufra desperfectos.<\/span>[\/vc_column_text][\/vc_column][\/vc_row]<\/p>\n","protected":false},"excerpt":{"rendered":"<p>[vc_row css=&#8221;.vc_custom_1501154025747{margin-bottom: 25px !important;}&#8221;][vc_column css=&#8221;.vc_custom_1490017810346{margin-bottom: 0px !important;}&#8221;][vc_custom_heading text=&#8221;Historia&#8221; font_container=&#8221;tag:h1|text_align:left&#8221; use_theme_fonts=&#8221;yes&#8221; css=&#8221;.vc_custom_1613064694804{margin-top: 0px !important;margin-bottom: 20px !important;}&#8221;][vc_custom_heading text=&#8221;El Colegio Benito Nazar naci\u00f3&nbsp;<a href=\"https:\/\/benitonazar.edu.ar\/?page_id=160\">&hellip;<\/a><\/p>\n","protected":false},"author":1,"featured_media":0,"parent":0,"menu_order":6,"comment_status":"closed","ping_status":"closed","template":"template-sidebar-right-childpages.php","meta":{"footnotes":""},"class_list":["post-160","page","type-page","status-publish","hentry","odd"],"_links":{"self":[{"href":"https:\/\/benitonazar.edu.ar\/index.php?rest_route=\/wp\/v2\/pages\/160","targetHints":{"allow":["GET"]}}],"collection":[{"href":"https:\/\/benitonazar.edu.ar\/index.php?rest_route=\/wp\/v2\/pages"}],"about":[{"href":"https:\/\/benitonazar.edu.ar\/index.php?rest_route=\/wp\/v2\/types\/page"}],"author":[{"embeddable":true,"href":"https:\/\/benitonazar.edu.ar\/index.php?rest_route=\/wp\/v2\/users\/1"}],"replies":[{"embeddable":true,"href":"https:\/\/benitonazar.edu.ar\/index.php?rest_route=%2Fwp%2Fv2%2Fcomments&post=160"}],"version-history":[{"count":6,"href":"https:\/\/benitonazar.edu.ar\/index.php?rest_route=\/wp\/v2\/pages\/160\/revisions"}],"predecessor-version":[{"id":646,"href":"https:\/\/benitonazar.edu.ar\/index.php?rest_route=\/wp\/v2\/pages\/160\/revisions\/646"}],"wp:attachment":[{"href":"https:\/\/benitonazar.edu.ar\/index.php?rest_route=%2Fwp%2Fv2%2Fmedia&parent=160"}],"curies":[{"name":"wp","href":"https:\/\/api.w.org\/{rel}","templated":true}]}}