{"id":156,"date":"2017-02-16T12:55:59","date_gmt":"2017-02-16T12:55:59","guid":{"rendered":"http:\/\/ed.aislinthemes.com\/?page_id=860"},"modified":"2025-03-28T12:30:36","modified_gmt":"2025-03-28T15:30:36","slug":"informacion-nivel-inicial","status":"publish","type":"page","link":"https:\/\/benitonazar.edu.ar\/?page_id=156","title":{"rendered":"Informaci\u00f3n Inicial"},"content":{"rendered":"<p>[vc_row css=&#8221;.vc_custom_1487250199380{margin-bottom: 35px !important;}&#8221;][vc_column css=&#8221;.vc_custom_1490018662966{margin-bottom: 0px !important;}&#8221;][vc_custom_heading text=&#8221;Nivel Inicial&#8221; font_container=&#8221;tag:h1|text_align:left&#8221; use_theme_fonts=&#8221;yes&#8221; css=&#8221;.vc_custom_1613240586182{margin-top: 0px !important;margin-bottom: 20px !important;}&#8221;][vc_custom_heading text=&#8221;Sala de 3 en la modalidad de Jornada simple o Jornada completa opcional. Salas de 4 y 5 a\u00f1os Jornada completa obligatoria. En las salas de Jornada completa se brinda intensificaci\u00f3n en idioma Ingl\u00e9s.&#8221; font_container=&#8221;tag:h4|text_align:left&#8221; use_theme_fonts=&#8221;yes&#8221;][\/vc_column][\/vc_row][vc_row][vc_column width=&#8221;7\/12&#8243; css=&#8221;.vc_custom_1619379192205{margin-bottom: 0px !important;}&#8221;][vc_column_text css=&#8221;.vc_custom_1621911878396{padding-right: 20px !important;}&#8221;]<\/p>\n<div style=\"text-align: justify;\">\n<h4>Prop\u00f3sitos y formas de abordar los aprendizajes<\/h4>\n<p>Impartimos educaci\u00f3n a partir de la sala de 3, mixta, con orientaci\u00f3n cat\u00f3lica, gui\u00e1ndonos hacia los siguientes objetivos:<\/p>\n<ul>\n<li style=\"font-weight: 400;\" aria-level=\"1\">Respetar las necesidades l\u00fadicas, de expresi\u00f3n y de experimentaci\u00f3n de los ni\u00f1os, asegurando una ense\u00f1anza de conocimientos significativos que ampl\u00eden y profundicen sus aprendizajes.<\/li>\n<li style=\"font-weight: 400;\" aria-level=\"1\">Valorar todas las historias personales y respetar cada individualidad, favoreciendo el desarrollo progresivo de la identidad de cada ni\u00f1o y\u00a0su autonom\u00eda personal.<\/li>\n<li style=\"font-weight: 400;\" aria-level=\"1\">Generar un clima de afecto y confianza, que propicie la buena convivencia, la interacci\u00f3n social y el sentido de pertenencia a nuestra comunidad corazonista.<\/li>\n<li style=\"font-weight: 400;\" aria-level=\"1\">Iniciar a los ni\u00f1os en la plenitud de la vida cristiana, apuntando a las bases de un proceso de relaci\u00f3n o interacci\u00f3n con Dios.<\/li>\n<\/ul>\n<\/div>\n<p>[\/vc_column_text][\/vc_column][vc_column width=&#8221;5\/12&#8243;][vc_single_image image=&#8221;985&#8243; img_size=&#8221;full&#8221; style=&#8221;vc_box_border&#8221; border_color=&#8221;blue&#8221; onclick=&#8221;link_image&#8221; css_animation=&#8221;fadeIn&#8221;][\/vc_column][\/vc_row][vc_row][vc_column width=&#8221;7\/12&#8243; css=&#8221;.vc_custom_1619379209649{margin-bottom: 0px !important;}&#8221;][vc_column_text css=&#8221;.vc_custom_1743175832178{padding-right: 20px !important;}&#8221;]<\/p>\n<div style=\"text-align: justify;\">\n<h4>Horarios<\/h4>\n<p>SALA DE 5 A\u00d1OS<\/p>\n<ul>\n<li>Jornada completa: De 8:15 a 16:30 h.<\/li>\n<li>Pre-hora a partir de las 7:50 h.<\/li>\n<\/ul>\n<p>SALAS DE 4 A\u00d1OS<\/p>\n<ul>\n<li>Jornada Completa: De 8:45 a 16:30 h.<\/li>\n<li>Pre-hora a partir de las 7:50 h (con costo adicional)<\/li>\n<\/ul>\n<p>SALAS DE 3 A\u00d1OS<\/p>\n<ul>\n<li>Jornada Simple: De 13:00 a 16:30 h.<\/li>\n<li>Jornada Completa: De 9:00 a 16:30 h. (Opcional)<\/li>\n<li>Pre-hora a partir de las 7:50 h (con costo adicional)<\/li>\n<\/ul>\n<\/div>\n<p>&nbsp;[\/vc_column_text][\/vc_column][vc_column width=&#8221;5\/12&#8243;][vc_single_image image=&#8221;986&#8243; img_size=&#8221;full&#8221; style=&#8221;vc_box_border&#8221; border_color=&#8221;orange&#8221; onclick=&#8221;link_image&#8221; css_animation=&#8221;fadeIn&#8221;][\/vc_column][\/vc_row][vc_row][vc_column width=&#8221;7\/12&#8243; css=&#8221;.vc_custom_1619379225137{margin-bottom: 0px !important;}&#8221;][vc_column_text css=&#8221;.vc_custom_1619380601783{padding-right: 20px !important;}&#8221;]<\/p>\n<div style=\"text-align: justify;\">\n<h4>\u00c1reas de trabajo<\/h4>\n<p>Se trabaja en relaci\u00f3n con las \u00e1reas del dise\u00f1o curricular del GCBA.<\/p>\n<ul>\n<li>Indagaci\u00f3n y conocimiento del ambiente: Ambiente social y natural; Matem\u00e1tica<\/li>\n<li>Lenguajes expresivos: Expresi\u00f3n corporal; Pr\u00e1cticas del lenguaje; Educaci\u00f3n musical; Artes visuales.<\/li>\n<li>Educaci\u00f3n f\u00edsica<\/li>\n<li>Ingl\u00e9s<\/li>\n<li>Todas las \u00e1reas de trabajo se encuentran atravesadas por los ejes L\u00fadico, ESI y Educaci\u00f3n digital<\/li>\n<\/ul>\n<\/div>\n<p>[\/vc_column_text][\/vc_column][vc_column width=&#8221;5\/12&#8243;][vc_single_image image=&#8221;987&#8243; img_size=&#8221;full&#8221; style=&#8221;vc_box_border&#8221; border_color=&#8221;blue&#8221; onclick=&#8221;link_image&#8221; css_animation=&#8221;fadeIn&#8221;][\/vc_column][\/vc_row][vc_row][vc_column width=&#8221;7\/12&#8243; css=&#8221;.vc_custom_1619379244959{margin-bottom: 0px !important;}&#8221;][vc_column_text css=&#8221;.vc_custom_1619380647902{padding-right: 20px !important;}&#8221;]<\/p>\n<div style=\"text-align: justify;\">\n<h4>Equipo de orientaci\u00f3n escolar<\/h4>\n<p>El equipo de orientaci\u00f3n escolar (EOE) en Nivel Inicial tiene como finalidad:<\/p>\n<ul>\n<li>Atender al desarrollo integral de los ni\u00f1os en sus aspectos sociales, cognitivos, afectivo-emocionales, motrices y expresivos que garanticen la detecci\u00f3n e intervenci\u00f3n temprana sobre posibles indicadores de dificultades en esta etapa de desarrollo infantil.<\/li>\n<li>Trabajar colaborativamente con el equipo docente y directivo dise\u00f1ando e implementando estrategias espec\u00edficas, singulares y grupales, que promuevan procesos de ense\u00f1anza-aprendizaje saludables y significativos que atiendan a los modos personales de ser, hacer, pensar y sentir de cada ni\u00f1o y\/o grupo.<\/li>\n<li>Brindar asesoramiento y orientaci\u00f3n a las familias a trav\u00e9s de reuniones personales, charlas y pautas generales que involucren alguna tem\u00e1tica de inter\u00e9s de acuerdo con la etapa evolutiva y\/o problem\u00e1tica emergente.<\/li>\n<li>Realizar observaciones de los alumnos en las salas y momentos recreativos a fin de llevar a cabo procesos de exploraci\u00f3n y seguimiento pedag\u00f3gico.<\/li>\n<li>Participar, junto al equipo directivo y docente, en los proyectos de inclusi\u00f3n educativa de aquellos alumnos\/as con barreras para el aprendizaje y la participaci\u00f3n.<\/li>\n<li>Intervenir en el armado de los grupos de las salas cuyo agrupamiento heterog\u00e9neo y diverso garantice que todos los alumnos tengan la posibilidad de aprender de acuerdo con sus posibilidades y necesidades.<\/li>\n<li>Desarrollar la articulaci\u00f3n con la escuela primaria a trav\u00e9s del pase de informaci\u00f3n correspondiente a los alumnos.<\/li>\n<li>Propiciar y sostener el intercambio interdisciplinario con los profesionales y especialistas que acompa\u00f1an y atienden en diagn\u00f3stico y tratamiento a los alumnos\/as por fuera del colegio.<\/li>\n<\/ul>\n<\/div>\n<p>[\/vc_column_text][\/vc_column][vc_column width=&#8221;5\/12&#8243;][vc_single_image image=&#8221;988&#8243; img_size=&#8221;full&#8221; style=&#8221;vc_box_border&#8221; border_color=&#8221;orange&#8221; onclick=&#8221;link_image&#8221; css_animation=&#8221;fadeIn&#8221;][\/vc_column][\/vc_row][vc_row][vc_column width=&#8221;7\/12&#8243; css=&#8221;.vc_custom_1619379264128{margin-bottom: 0px !important;}&#8221;][vc_column_text css=&#8221;.vc_custom_1711053605838{padding-right: 20px !important;}&#8221;]<\/p>\n<div style=\"text-align: justify;\">\n<h4>Talleres deportivos<\/h4>\n<p><span style=\"font-weight: 400;\">A partir de Sala de 4:<\/span><\/p>\n<ul>\n<li style=\"font-weight: 400;\" aria-level=\"1\"><span style=\"font-weight: 400;\">Iniciaci\u00f3n deportiva<\/span><\/li>\n<\/ul>\n<p>A partir de Sala de 5:<\/p>\n<ul>\n<li style=\"font-weight: 400;\" aria-level=\"1\"><span style=\"font-weight: 400;\">Hockey<\/span><\/li>\n<li style=\"font-weight: 400;\" aria-level=\"1\"><span style=\"font-weight: 400;\">F\u00fatbol<\/span><\/li>\n<\/ul>\n<\/div>\n<p>[\/vc_column_text][\/vc_column][vc_column width=&#8221;5\/12&#8243;][vc_single_image image=&#8221;989&#8243; img_size=&#8221;full&#8221; style=&#8221;vc_box_border&#8221; border_color=&#8221;orange&#8221; onclick=&#8221;link_image&#8221; css_animation=&#8221;fadeIn&#8221;][\/vc_column][\/vc_row][vc_row][vc_column css=&#8221;.vc_custom_1709045215988{margin-bottom: 0px !important;}&#8221;][vc_column_text css=&#8221;.vc_custom_1720800277097{padding-right: 20px !important;}&#8221;]<\/p>\n<div style=\"text-align: justify;\">\n<h4>Uniforme<\/h4>\n<ul>\n<li>Equipo deportivo de verano: Short azul marino, remera blanca con escudo bordado, medias blancas, zapatillas blancas o negras.<\/li>\n<li>Equipo deportivo de invierno: Conjunto de pantal\u00f3n y campera reglamentario, buzo azul marino con escudo bordado, zapatillas blancas o negras.<\/li>\n<li>Campera azul marino de abrigo.<\/li>\n<li>Mochila de tela con escudo bordado.<\/li>\n<\/ul>\n<p><strong>Casas de uniformes autorizadas por el colegio<\/strong><\/p>\n<ul>\n<li>L y J &#8211; Av. Corrientes 2373 4861-4367<\/li>\n<li>INDOSKA: Av. D\u00edaz Velez 4165 &#8211; 4981-5417<\/li>\n<\/ul>\n<\/div>\n<p>[\/vc_column_text][\/vc_column][\/vc_row][vc_row][vc_column css=&#8221;.vc_custom_1613317716227{margin-bottom: 0px !important;}&#8221;][vc_column_text css=&#8221;.vc_custom_1619380711061{padding-right: 20px !important;}&#8221;]<\/p>\n<div style=\"text-align: justify;\">\n<h4>Comedor<\/h4>\n<p><span style=\"font-weight: 400;\">La familia puede optar por el servicio de comedor (todos los alimentos se elaboran en el colegio) o retirar al alumno a almorzar en forma particular y que regrese al turno tarde<\/span><\/p>\n<\/div>\n<p>[\/vc_column_text][\/vc_column][\/vc_row][vc_row][vc_column css=&#8221;.vc_custom_1613254992890{margin-bottom: 0px !important;}&#8221;][vc_column_text css=&#8221;.vc_custom_1619380733232{padding-right: 20px !important;}&#8221;]<\/p>\n<div style=\"text-align: justify;\">\n<h4>Transporte escolar<\/h4>\n<p>El servicio de transporte escolar es externo y no tiene relaci\u00f3n de dependencia con el Establecimiento. Los interesados deber\u00e1n tratar directamente con los responsables de este.<\/p>\n<\/div>\n<p>[\/vc_column_text][\/vc_column][\/vc_row][vc_row][vc_column css=&#8221;.vc_custom_1613255010428{margin-bottom: 0px !important;}&#8221;][vc_column_text css=&#8221;.vc_custom_1619380752754{padding-right: 20px !important;}&#8221;]<\/p>\n<div style=\"text-align: justify;\">\n<h4>R\u00e9gimen arancelario<\/h4>\n<p>El r\u00e9gimen arancelario est\u00e1 compuesto por 1 (una) MATR\u00cdCULA anual (diciembre) + 9 (nueve) cuotas mensuales (de marzo a noviembre)<br \/>\n2 cuotas de materiales (marzo y agosto)<\/p>\n<\/div>\n<p>[\/vc_column_text][\/vc_column][\/vc_row][vc_row][vc_column css=&#8221;.vc_custom_1613255032262{margin-bottom: 0px !important;}&#8221;][vc_column_text css=&#8221;.vc_custom_1619380771126{padding-right: 20px !important;}&#8221;]<\/p>\n<div style=\"text-align: justify;\">\n<h4>Ingresos &#8211; Alumnos nuevos<\/h4>\n<ul>\n<li>Reuni\u00f3n grupal informativa.<\/li>\n<li>Entrevista individual con presencia del ni\u00f1o.<\/li>\n<li>Entrega de documentaci\u00f3n personal e informe pedag\u00f3gico del jard\u00edn anterior.<\/li>\n<li>Edad cumplida al 30 de junio.<\/li>\n<\/ul>\n<\/div>\n<p>[\/vc_column_text][\/vc_column][\/vc_row][vc_row][vc_column css=&#8221;.vc_custom_1613242245658{margin-bottom: 0px !important;}&#8221;][vc_column_text css=&#8221;.vc_custom_1624633469899{padding-right: 20px !important;}&#8221;]<\/p>\n<h4>Contacto<\/h4>\n<p>TE: 4862-4993 (Direcci\u00f3n Nivel Inicial)<br \/>\ninicial@benitonazar.edu.ar[\/vc_column_text][\/vc_column][\/vc_row][vc_row][vc_column][vc_column_text css=&#8221;.vc_custom_1621914168591{padding-right: 20px !important;}&#8221;]<\/p>\n<h4>Galer\u00eda de fotos<\/h4>\n<p>[\/vc_column_text][vc_images_carousel images=&#8221;991,992,993,994,995,996,997,998,999,1000&#8243; img_size=&#8221;large&#8221;][\/vc_column][\/vc_row]<\/p>\n","protected":false},"excerpt":{"rendered":"<p>[vc_row css=&#8221;.vc_custom_1487250199380{margin-bottom: 35px !important;}&#8221;][vc_column css=&#8221;.vc_custom_1490018662966{margin-bottom: 0px !important;}&#8221;][vc_custom_heading text=&#8221;Nivel Inicial&#8221; font_container=&#8221;tag:h1|text_align:left&#8221; use_theme_fonts=&#8221;yes&#8221; css=&#8221;.vc_custom_1613240586182{margin-top: 0px !important;margin-bottom: 20px !important;}&#8221;][vc_custom_heading text=&#8221;Sala de 3 en&nbsp;<a href=\"https:\/\/benitonazar.edu.ar\/?page_id=156\">&hellip;<\/a><\/p>\n","protected":false},"author":1,"featured_media":0,"parent":0,"menu_order":1,"comment_status":"closed","ping_status":"closed","template":"template-sidebar-right-childpages.php","meta":{"footnotes":""},"class_list":["post-156","page","type-page","status-publish","hentry","odd"],"_links":{"self":[{"href":"https:\/\/benitonazar.edu.ar\/index.php?rest_route=\/wp\/v2\/pages\/156","targetHints":{"allow":["GET"]}}],"collection":[{"href":"https:\/\/benitonazar.edu.ar\/index.php?rest_route=\/wp\/v2\/pages"}],"about":[{"href":"https:\/\/benitonazar.edu.ar\/index.php?rest_route=\/wp\/v2\/types\/page"}],"author":[{"embeddable":true,"href":"https:\/\/benitonazar.edu.ar\/index.php?rest_route=\/wp\/v2\/users\/1"}],"replies":[{"embeddable":true,"href":"https:\/\/benitonazar.edu.ar\/index.php?rest_route=%2Fwp%2Fv2%2Fcomments&post=156"}],"version-history":[{"count":35,"href":"https:\/\/benitonazar.edu.ar\/index.php?rest_route=\/wp\/v2\/pages\/156\/revisions"}],"predecessor-version":[{"id":1088,"href":"https:\/\/benitonazar.edu.ar\/index.php?rest_route=\/wp\/v2\/pages\/156\/revisions\/1088"}],"wp:attachment":[{"href":"https:\/\/benitonazar.edu.ar\/index.php?rest_route=%2Fwp%2Fv2%2Fmedia&parent=156"}],"curies":[{"name":"wp","href":"https:\/\/api.w.org\/{rel}","templated":true}]}}