{"id":1100,"date":"2025-07-02T18:51:23","date_gmt":"2025-07-02T21:51:23","guid":{"rendered":"https:\/\/benitonazar.edu.ar\/?page_id=1100"},"modified":"2025-07-23T12:25:33","modified_gmt":"2025-07-23T15:25:33","slug":"inscripcion-secundaria","status":"publish","type":"page","link":"https:\/\/benitonazar.edu.ar\/?page_id=1100","title":{"rendered":"Inscripci\u00f3n Secundaria"},"content":{"rendered":"<p>[vc_row css=&#8221;.vc_custom_1487250199380{margin-bottom: 35px !important;}&#8221;][vc_column css=&#8221;.vc_custom_1490018662966{margin-bottom: 0px !important;}&#8221;][vc_custom_heading text=&#8221;Inscripciones Nivel Secundario&#8221; font_container=&#8221;tag:h1|text_align:left&#8221; use_theme_fonts=&#8221;yes&#8221; css=&#8221;.vc_custom_1751492855454{margin-top: 0px !important;margin-bottom: 20px !important;}&#8221;][vc_custom_heading text=&#8221;Proceso de admisi\u00f3n:&#8221; font_container=&#8221;tag:h4|text_align:left&#8221; use_theme_fonts=&#8221;yes&#8221;][\/vc_column][\/vc_row][vc_row][vc_column css=&#8221;.vc_custom_1751492165957{margin-bottom: 0px !important;}&#8221;][vc_column_text css=&#8221;.vc_custom_1753284331394{padding-right: 20px !important;}&#8221;]<\/p>\n<ul>\n<li>Completar el <span style=\"color: #0000ff;\"><a style=\"color: #0000ff;\" href=\"https:\/\/forms.gle\/iPAaeRxCpJKbd7fdA\">siguiente formulario de inscripci\u00f3n<\/a>.<\/span><\/li>\n<li>Recibir\u00e1n un mail del colegio desde el correo<strong> inscripciones-secundaria@benitonazar.edu.ar<\/strong> confirmando la recepci\u00f3n del formulario.<\/li>\n<li>Se programar\u00e1 una entrevista preliminar con el aspirante acompa\u00f1ado por su familia. Deber\u00e1n traer fotocopia del bolet\u00edn del a\u00f1o anterior completo y fotocopia del bolet\u00edn actual junto con fotocopia del DNI.<\/li>\n<\/ul>\n<p><strong>Ingresantes a primer a\u00f1o:<\/strong><\/p>\n<ul>\n<li>Para ingresos a 1\u00ba A\u00f1o existen tres instancias de evaluaci\u00f3n previa: TEST PSICOL\u00d3GICO, EXAMEN DE LENGUA y MATEM\u00c1TICA (cuyos contenidos corresponden a 7\u00b0 grado) y una ENTREVISTA PERSONAL final.<\/li>\n<\/ul>\n<p>Estas evaluaciones son necesarias para que las familias se interioricen sobre la situaci\u00f3n acad\u00e9mica y socioemocional que posee el alumno\/a, para el inicio del nivel secundario. No son eliminatorios para el ingreso.<\/p>\n<ul>\n<li>Es requisito fundamental de ingreso tener el 7o grado completo y aprobado antes del inicio de primer a\u00f1o del secundario.<\/li>\n<\/ul>\n<p><strong>Ingresantes a 2\u00ba, 3\u00ba, 4\u00ba y 5\u00ba a\u00f1o:\u00a0<\/strong><\/p>\n<ul>\n<li>An\u00e1lisis de posibilidad de equivalencias de asignaturas pendientes por cambio de plan entre el establecimiento de origen y nuestro Colegio.<\/li>\n<li>No adeudar m\u00e1s de dos asignaturas pendientes.<\/li>\n<li>Se solicitar\u00e1 un informe acad\u00e9mico actitudinal al colegio de origen.<\/li>\n<\/ul>\n<p><strong>Ingresantes extranjeros:<\/strong><\/p>\n<ul>\n<li>Deber\u00e1n presentar documentaci\u00f3n de estudios cursados legalizada y apostillada por el pa\u00eds de origen.<\/li>\n<\/ul>\n<p>[\/vc_column_text][\/vc_column][\/vc_row]<\/p>\n","protected":false},"excerpt":{"rendered":"<p>[vc_row css=&#8221;.vc_custom_1487250199380{margin-bottom: 35px !important;}&#8221;][vc_column css=&#8221;.vc_custom_1490018662966{margin-bottom: 0px !important;}&#8221;][vc_custom_heading text=&#8221;Inscripciones Nivel Secundario&#8221; font_container=&#8221;tag:h1|text_align:left&#8221; use_theme_fonts=&#8221;yes&#8221; css=&#8221;.vc_custom_1751492855454{margin-top: 0px !important;margin-bottom: 20px !important;}&#8221;][vc_custom_heading text=&#8221;Proceso de admisi\u00f3n:&#8221;&nbsp;<a href=\"https:\/\/benitonazar.edu.ar\/?page_id=1100\">&hellip;<\/a><\/p>\n","protected":false},"author":1,"featured_media":0,"parent":0,"menu_order":1,"comment_status":"closed","ping_status":"closed","template":"template-sidebar-right-childpages.php","meta":{"footnotes":""},"class_list":["post-1100","page","type-page","status-publish","hentry","odd"],"_links":{"self":[{"href":"https:\/\/benitonazar.edu.ar\/index.php?rest_route=\/wp\/v2\/pages\/1100","targetHints":{"allow":["GET"]}}],"collection":[{"href":"https:\/\/benitonazar.edu.ar\/index.php?rest_route=\/wp\/v2\/pages"}],"about":[{"href":"https:\/\/benitonazar.edu.ar\/index.php?rest_route=\/wp\/v2\/types\/page"}],"author":[{"embeddable":true,"href":"https:\/\/benitonazar.edu.ar\/index.php?rest_route=\/wp\/v2\/users\/1"}],"replies":[{"embeddable":true,"href":"https:\/\/benitonazar.edu.ar\/index.php?rest_route=%2Fwp%2Fv2%2Fcomments&post=1100"}],"version-history":[{"count":4,"href":"https:\/\/benitonazar.edu.ar\/index.php?rest_route=\/wp\/v2\/pages\/1100\/revisions"}],"predecessor-version":[{"id":1114,"href":"https:\/\/benitonazar.edu.ar\/index.php?rest_route=\/wp\/v2\/pages\/1100\/revisions\/1114"}],"wp:attachment":[{"href":"https:\/\/benitonazar.edu.ar\/index.php?rest_route=%2Fwp%2Fv2%2Fmedia&parent=1100"}],"curies":[{"name":"wp","href":"https:\/\/api.w.org\/{rel}","templated":true}]}}