{"id":1091,"date":"2025-07-02T18:39:14","date_gmt":"2025-07-02T21:39:14","guid":{"rendered":"https:\/\/benitonazar.edu.ar\/?page_id=1091"},"modified":"2025-07-23T12:24:25","modified_gmt":"2025-07-23T15:24:25","slug":"inscripcion-inicial","status":"publish","type":"page","link":"https:\/\/benitonazar.edu.ar\/?page_id=1091","title":{"rendered":"Inscripci\u00f3n Inicial"},"content":{"rendered":"<p>[vc_row css=&#8221;.vc_custom_1487250199380{margin-bottom: 35px !important;}&#8221;][vc_column css=&#8221;.vc_custom_1490018662966{margin-bottom: 0px !important;}&#8221;][vc_custom_heading text=&#8221;Inscripciones Nivel Inicial&#8221; font_container=&#8221;tag:h1|text_align:left&#8221; use_theme_fonts=&#8221;yes&#8221; css=&#8221;.vc_custom_1751492295618{margin-top: 0px !important;margin-bottom: 20px !important;}&#8221;][vc_custom_heading text=&#8221;Proceso de admisi\u00f3n:&#8221; font_container=&#8221;tag:h4|text_align:left&#8221; use_theme_fonts=&#8221;yes&#8221;][\/vc_column][\/vc_row][vc_row][vc_column css=&#8221;.vc_custom_1751492165957{margin-bottom: 0px !important;}&#8221;][vc_column_text css=&#8221;.vc_custom_1753284255052{padding-right: 20px !important;}&#8221;]<\/p>\n<ul>\n<li>Completar el <span style=\"color: #0000ff;\"><a style=\"color: #0000ff;\" href=\"https:\/\/forms.gle\/YURgZNdKe4dDtEiz8\">siguiente formulario de inscripci\u00f3n<\/a>.<\/span><\/li>\n<li>Recibir\u00e1n un mail del colegio desde el correo <strong>inscripciones-inicial@benitonazar.edu.ar<\/strong> confirmando la recepci\u00f3n del formulario.<\/li>\n<li>En primer lugar, se acordar\u00e1 una reuni\u00f3n grupal informativa.<\/li>\n<li>En una segunda instancia se realizar\u00e1 una entrevista individual con presencia del ni\u00f1o.<\/li>\n<li>Entrega de documentaci\u00f3n personal e informe pedag\u00f3gico del jard\u00edn anterior.<\/li>\n<li>Edad cumplida al 30 de junio.<\/li>\n<\/ul>\n<p>[\/vc_column_text][\/vc_column][\/vc_row]<\/p>\n","protected":false},"excerpt":{"rendered":"<p>[vc_row css=&#8221;.vc_custom_1487250199380{margin-bottom: 35px !important;}&#8221;][vc_column css=&#8221;.vc_custom_1490018662966{margin-bottom: 0px !important;}&#8221;][vc_custom_heading text=&#8221;Inscripciones Nivel Inicial&#8221; font_container=&#8221;tag:h1|text_align:left&#8221; use_theme_fonts=&#8221;yes&#8221; css=&#8221;.vc_custom_1751492295618{margin-top: 0px !important;margin-bottom: 20px !important;}&#8221;][vc_custom_heading text=&#8221;Proceso de admisi\u00f3n:&#8221;&nbsp;<a href=\"https:\/\/benitonazar.edu.ar\/?page_id=1091\">&hellip;<\/a><\/p>\n","protected":false},"author":1,"featured_media":0,"parent":0,"menu_order":1,"comment_status":"closed","ping_status":"closed","template":"template-sidebar-right-childpages.php","meta":{"footnotes":""},"class_list":["post-1091","page","type-page","status-publish","hentry","odd"],"_links":{"self":[{"href":"https:\/\/benitonazar.edu.ar\/index.php?rest_route=\/wp\/v2\/pages\/1091","targetHints":{"allow":["GET"]}}],"collection":[{"href":"https:\/\/benitonazar.edu.ar\/index.php?rest_route=\/wp\/v2\/pages"}],"about":[{"href":"https:\/\/benitonazar.edu.ar\/index.php?rest_route=\/wp\/v2\/types\/page"}],"author":[{"embeddable":true,"href":"https:\/\/benitonazar.edu.ar\/index.php?rest_route=\/wp\/v2\/users\/1"}],"replies":[{"embeddable":true,"href":"https:\/\/benitonazar.edu.ar\/index.php?rest_route=%2Fwp%2Fv2%2Fcomments&post=1091"}],"version-history":[{"count":4,"href":"https:\/\/benitonazar.edu.ar\/index.php?rest_route=\/wp\/v2\/pages\/1091\/revisions"}],"predecessor-version":[{"id":1112,"href":"https:\/\/benitonazar.edu.ar\/index.php?rest_route=\/wp\/v2\/pages\/1091\/revisions\/1112"}],"wp:attachment":[{"href":"https:\/\/benitonazar.edu.ar\/index.php?rest_route=%2Fwp%2Fv2%2Fmedia&parent=1091"}],"curies":[{"name":"wp","href":"https:\/\/api.w.org\/{rel}","templated":true}]}}